{"id":100,"date":"2014-02-19T13:44:07","date_gmt":"2014-02-19T12:44:07","guid":{"rendered":"http:\/\/development\/villaingrid.se\/?page_id=100"},"modified":"2025-03-26T13:50:51","modified_gmt":"2025-03-26T12:50:51","slug":"buchen","status":"publish","type":"page","link":"https:\/\/villaingrid.se\/de\/buchen\/","title":{"rendered":"Buchen"},"content":{"rendered":"<p>Hier k\u00f6nnen Sie direkt online buchen.<br \/>\nS\u00e4mtliche Preise enthalten die Bettw\u00e4sche, Handt\u00fccher und t\u00e4gliche Reinigung. Das Fr\u00fchst\u00fccksbuffet wird zwischen 8.00 \u2013 10.00<br \/>\nUhr serviert. Fragen beantworten wir gerne per Telefon unter:<br \/>\n0485-109 23 oder E-Mail <a href=\"mailto:info@villaingrid.se\">info@villaingrid.se<\/a>.<\/p>\n<script async src=\"https:\/\/secured.sirvoy.com\/widget\/sirvoy.js\" data-form-id=\"b6835295f4e0b1c2\" data-wp-plugin-version=\"5.1\"><\/script>\n","protected":false},"excerpt":{"rendered":"<p>Hier k\u00f6nnen Sie direkt online buchen. S\u00e4mtliche Preise enthalten die Bettw\u00e4sche, Handt\u00fccher und t\u00e4gliche Reinigung. Das Fr\u00fchst\u00fccksbuffet wird zwischen 8.00 \u2013 10.00 Uhr serviert. Fragen beantworten wir gerne per Telefon unter: 0485-109 23 oder E-Mail info@villaingrid.se.<\/p>\n","protected":false},"author":1,"featured_media":871,"parent":0,"menu_order":0,"comment_status":"open","ping_status":"closed","template":"","meta":{"_acf_changed":false,"_monsterinsights_skip_tracking":false,"_monsterinsights_sitenote_active":false,"_monsterinsights_sitenote_note":"","_monsterinsights_sitenote_category":0,"footnotes":""},"class_list":["post-100","page","type-page","status-publish","has-post-thumbnail","hentry"],"acf":[],"yoast_head":"<!-- This site is optimized with the Yoast SEO plugin v27.4 - https:\/\/yoast.com\/product\/yoast-seo-wordpress\/ -->\n<title>Buchen - Villa Ingrid<\/title>\n<meta name=\"description\" content=\"Hier k\u00f6nnen Sie direkt online buchen. S\u00e4mtliche Preise enthalten die Bettw\u00e4sche, Handt\u00fccher und t\u00e4gliche Reinigung. Das Fr\u00fchst\u00fccksbuffet wird zwischen\" \/>\n<meta name=\"robots\" content=\"index, follow, max-snippet:-1, max-image-preview:large, max-video-preview:-1\" \/>\n<link rel=\"canonical\" href=\"https:\/\/villaingrid.se\/de\/buchen\/\" \/>\n<meta property=\"og:locale\" content=\"de_DE\" \/>\n<meta property=\"og:type\" content=\"article\" \/>\n<meta property=\"og:title\" content=\"Buchen - Villa Ingrid\" \/>\n<meta property=\"og:description\" content=\"Hier k\u00f6nnen Sie direkt online buchen. S\u00e4mtliche Preise enthalten die Bettw\u00e4sche, Handt\u00fccher und t\u00e4gliche Reinigung. Das Fr\u00fchst\u00fccksbuffet wird zwischen\" \/>\n<meta property=\"og:url\" content=\"https:\/\/villaingrid.se\/de\/buchen\/\" \/>\n<meta property=\"og:site_name\" content=\"Villa Ingrid\" \/>\n<meta property=\"article:modified_time\" content=\"2025-03-26T12:50:51+00:00\" \/>\n<meta property=\"og:image\" content=\"https:\/\/villaingrid.se\/wp-content\/uploads\/2022\/09\/MDIyNnwwMDAxMzgyNTk0NXw5Ng..-2.jpg\" \/>\n\t<meta property=\"og:image:width\" content=\"1920\" \/>\n\t<meta property=\"og:image:height\" content=\"1280\" \/>\n\t<meta property=\"og:image:type\" content=\"image\/jpeg\" \/>\n<meta name=\"twitter:label1\" content=\"Gesch\u00e4tzte Lesezeit\" \/>\n\t<meta name=\"twitter:data1\" content=\"1 Minute\" \/>\n<script type=\"application\/ld+json\" class=\"yoast-schema-graph\">{\"@context\":\"https:\\\/\\\/schema.org\",\"@graph\":[{\"@type\":\"WebPage\",\"@id\":\"https:\\\/\\\/villaingrid.se\\\/de\\\/buchen\\\/\",\"url\":\"https:\\\/\\\/villaingrid.se\\\/de\\\/buchen\\\/\",\"name\":\"Buchen - Villa Ingrid\",\"isPartOf\":{\"@id\":\"https:\\\/\\\/villaingrid.se\\\/#website\"},\"primaryImageOfPage\":{\"@id\":\"https:\\\/\\\/villaingrid.se\\\/de\\\/buchen\\\/#primaryimage\"},\"image\":{\"@id\":\"https:\\\/\\\/villaingrid.se\\\/de\\\/buchen\\\/#primaryimage\"},\"thumbnailUrl\":\"https:\\\/\\\/villaingrid.se\\\/wp-content\\\/uploads\\\/2022\\\/09\\\/MDIyNnwwMDAxMzgyNTk0NXw5Ng..-2.jpg\",\"datePublished\":\"2014-02-19T12:44:07+00:00\",\"dateModified\":\"2025-03-26T12:50:51+00:00\",\"description\":\"Hier k\u00f6nnen Sie direkt online buchen. S\u00e4mtliche Preise enthalten die Bettw\u00e4sche, Handt\u00fccher und t\u00e4gliche Reinigung. Das Fr\u00fchst\u00fccksbuffet wird zwischen\",\"inLanguage\":\"de-DE\",\"potentialAction\":[{\"@type\":\"ReadAction\",\"target\":[\"https:\\\/\\\/villaingrid.se\\\/de\\\/buchen\\\/\"]}]},{\"@type\":\"ImageObject\",\"inLanguage\":\"de-DE\",\"@id\":\"https:\\\/\\\/villaingrid.se\\\/de\\\/buchen\\\/#primaryimage\",\"url\":\"https:\\\/\\\/villaingrid.se\\\/wp-content\\\/uploads\\\/2022\\\/09\\\/MDIyNnwwMDAxMzgyNTk0NXw5Ng..-2.jpg\",\"contentUrl\":\"https:\\\/\\\/villaingrid.se\\\/wp-content\\\/uploads\\\/2022\\\/09\\\/MDIyNnwwMDAxMzgyNTk0NXw5Ng..-2.jpg\",\"width\":1920,\"height\":1280},{\"@type\":\"WebSite\",\"@id\":\"https:\\\/\\\/villaingrid.se\\\/#website\",\"url\":\"https:\\\/\\\/villaingrid.se\\\/\",\"name\":\"Villa Ingrid\",\"description\":\"Det gemytliga hotellet i Borgholms city\",\"potentialAction\":[{\"@type\":\"SearchAction\",\"target\":{\"@type\":\"EntryPoint\",\"urlTemplate\":\"https:\\\/\\\/villaingrid.se\\\/?s={search_term_string}\"},\"query-input\":{\"@type\":\"PropertyValueSpecification\",\"valueRequired\":true,\"valueName\":\"search_term_string\"}}],\"inLanguage\":\"de-DE\"}]}<\/script>\n<!-- \/ Yoast SEO plugin. -->","yoast_head_json":{"title":"Buchen - Villa Ingrid","description":"Hier k\u00f6nnen Sie direkt online buchen. S\u00e4mtliche Preise enthalten die Bettw\u00e4sche, Handt\u00fccher und t\u00e4gliche Reinigung. Das Fr\u00fchst\u00fccksbuffet wird zwischen","robots":{"index":"index","follow":"follow","max-snippet":"max-snippet:-1","max-image-preview":"max-image-preview:large","max-video-preview":"max-video-preview:-1"},"canonical":"https:\/\/villaingrid.se\/de\/buchen\/","og_locale":"de_DE","og_type":"article","og_title":"Buchen - Villa Ingrid","og_description":"Hier k\u00f6nnen Sie direkt online buchen. S\u00e4mtliche Preise enthalten die Bettw\u00e4sche, Handt\u00fccher und t\u00e4gliche Reinigung. Das Fr\u00fchst\u00fccksbuffet wird zwischen","og_url":"https:\/\/villaingrid.se\/de\/buchen\/","og_site_name":"Villa Ingrid","article_modified_time":"2025-03-26T12:50:51+00:00","og_image":[{"width":1920,"height":1280,"url":"https:\/\/villaingrid.se\/wp-content\/uploads\/2022\/09\/MDIyNnwwMDAxMzgyNTk0NXw5Ng..-2.jpg","type":"image\/jpeg"}],"twitter_misc":{"Gesch\u00e4tzte Lesezeit":"1 Minute"},"schema":{"@context":"https:\/\/schema.org","@graph":[{"@type":"WebPage","@id":"https:\/\/villaingrid.se\/de\/buchen\/","url":"https:\/\/villaingrid.se\/de\/buchen\/","name":"Buchen - Villa Ingrid","isPartOf":{"@id":"https:\/\/villaingrid.se\/#website"},"primaryImageOfPage":{"@id":"https:\/\/villaingrid.se\/de\/buchen\/#primaryimage"},"image":{"@id":"https:\/\/villaingrid.se\/de\/buchen\/#primaryimage"},"thumbnailUrl":"https:\/\/villaingrid.se\/wp-content\/uploads\/2022\/09\/MDIyNnwwMDAxMzgyNTk0NXw5Ng..-2.jpg","datePublished":"2014-02-19T12:44:07+00:00","dateModified":"2025-03-26T12:50:51+00:00","description":"Hier k\u00f6nnen Sie direkt online buchen. S\u00e4mtliche Preise enthalten die Bettw\u00e4sche, Handt\u00fccher und t\u00e4gliche Reinigung. Das Fr\u00fchst\u00fccksbuffet wird zwischen","inLanguage":"de-DE","potentialAction":[{"@type":"ReadAction","target":["https:\/\/villaingrid.se\/de\/buchen\/"]}]},{"@type":"ImageObject","inLanguage":"de-DE","@id":"https:\/\/villaingrid.se\/de\/buchen\/#primaryimage","url":"https:\/\/villaingrid.se\/wp-content\/uploads\/2022\/09\/MDIyNnwwMDAxMzgyNTk0NXw5Ng..-2.jpg","contentUrl":"https:\/\/villaingrid.se\/wp-content\/uploads\/2022\/09\/MDIyNnwwMDAxMzgyNTk0NXw5Ng..-2.jpg","width":1920,"height":1280},{"@type":"WebSite","@id":"https:\/\/villaingrid.se\/#website","url":"https:\/\/villaingrid.se\/","name":"Villa Ingrid","description":"Det gemytliga hotellet i Borgholms city","potentialAction":[{"@type":"SearchAction","target":{"@type":"EntryPoint","urlTemplate":"https:\/\/villaingrid.se\/?s={search_term_string}"},"query-input":{"@type":"PropertyValueSpecification","valueRequired":true,"valueName":"search_term_string"}}],"inLanguage":"de-DE"}]}},"_links":{"self":[{"href":"https:\/\/villaingrid.se\/de\/wp-json\/wp\/v2\/pages\/100","targetHints":{"allow":["GET"]}}],"collection":[{"href":"https:\/\/villaingrid.se\/de\/wp-json\/wp\/v2\/pages"}],"about":[{"href":"https:\/\/villaingrid.se\/de\/wp-json\/wp\/v2\/types\/page"}],"author":[{"embeddable":true,"href":"https:\/\/villaingrid.se\/de\/wp-json\/wp\/v2\/users\/1"}],"replies":[{"embeddable":true,"href":"https:\/\/villaingrid.se\/de\/wp-json\/wp\/v2\/comments?post=100"}],"version-history":[{"count":0,"href":"https:\/\/villaingrid.se\/de\/wp-json\/wp\/v2\/pages\/100\/revisions"}],"wp:featuredmedia":[{"embeddable":true,"href":"https:\/\/villaingrid.se\/de\/wp-json\/wp\/v2\/media\/871"}],"wp:attachment":[{"href":"https:\/\/villaingrid.se\/de\/wp-json\/wp\/v2\/media?parent=100"}],"curies":[{"name":"wp","href":"https:\/\/api.w.org\/{rel}","templated":true}]}}