{"id":108,"date":"2014-02-19T13:44:59","date_gmt":"2014-02-19T12:44:59","guid":{"rendered":"http:\/\/development\/villaingrid.se\/?page_id=108"},"modified":"2022-09-20T14:27:37","modified_gmt":"2022-09-20T12:27:37","slug":"rum","status":"publish","type":"page","link":"https:\/\/villaingrid.se\/de\/rum\/","title":{"rendered":"Hotelzimmer"},"content":{"rendered":"<p><img loading=\"lazy\" decoding=\"async\" class=\"wp-image-739 size-medium alignright\" src=\"https:\/\/www.villaingrid.se\/wp-content\/uploads\/2022\/09\/MDIyNnwwMDAxMzgyNTk4Nnw5Ng-1..-490x276.jpg\" alt=\"Villa Ingrid \" width=\"490\" height=\"276\" srcset=\"https:\/\/villaingrid.se\/wp-content\/uploads\/2022\/09\/MDIyNnwwMDAxMzgyNTk4Nnw5Ng-1..-490x276.jpg 490w, https:\/\/villaingrid.se\/wp-content\/uploads\/2022\/09\/MDIyNnwwMDAxMzgyNTk4Nnw5Ng-1..-980x551.jpg 980w, https:\/\/villaingrid.se\/wp-content\/uploads\/2022\/09\/MDIyNnwwMDAxMzgyNTk4Nnw5Ng-1..-768x432.jpg 768w, https:\/\/villaingrid.se\/wp-content\/uploads\/2022\/09\/MDIyNnwwMDAxMzgyNTk4Nnw5Ng-1..-1536x864.jpg 1536w, https:\/\/villaingrid.se\/wp-content\/uploads\/2022\/09\/MDIyNnwwMDAxMzgyNTk4Nnw5Ng-1...jpg 1920w\" sizes=\"(max-width: 490px) 100vw, 490px\" \/><\/p>\n<p>Villa Ingrid ist ein 3-Sterne Fr\u00fchst\u00fcckshotel. Das Hotel hat 18 Zimmer mit insgesamt 43 regul\u00e4ren Betten.<\/p>\n<ul>\n<li>drei Doppelzimmer mit w\/k Wasser<\/li>\n<li>ein 3-Bett-Zimmer mit w\/k Wasser<\/li>\n<li>zehn Doppelzimmer mit Dusche\/WC<\/li>\n<li>ein Einzelzimmer mit w\/k Wasser<\/li>\n<li>zwei Familienzimmer, vier Betten, mit Dusche\/WC<\/li>\n<li>eine Wohnung mit 5 Betten, zwei Zimmern, mit Dusche, WC und Kochnische<\/li>\n<li>ein Doppelzimmer mit Dusche und WC ist behindertengerecht<\/li>\n<li>es gibt einen Aufzug zu s\u00e4mtlichen Zimmern mit Dusche\/WC<\/li>\n<\/ul>\n<h2>Zimmerbeschreibung<\/h2>\n<p>Die meisten Zimmer sind frisch renoviert und haben eine eigene Dusche\/WC, die \u00fcbrigen Zimmer haben Zugang zu Dusche\/WC auf dem Flur. S\u00e4mtliche Zimmer haben einen Fernseher. Die Wohnung hat eine eigene Dusche\/WC, eine eigene Kochnische und TV. Bequeme Betten sorgen f\u00fcr einen guten n\u00e4chtlichen Schlaf.<\/p>\n<ul class=\"gallery columns-4 lightbox\"><li class=\"gallery-item\"><a rel=\"gallery\" data-text=\"\" href='https:\/\/villaingrid.se\/wp-content\/uploads\/2022\/09\/badrum-hotell-villa-ingrid-borgholm-1.jpg'><img loading=\"lazy\" decoding=\"async\" width=\"320\" height=\"320\" src=\"https:\/\/villaingrid.se\/wp-content\/uploads\/2022\/09\/badrum-hotell-villa-ingrid-borgholm-1-320x320.jpg\" class=\"attachment-thumbnail size-thumbnail\" alt=\"\" \/><\/a><\/li><li class=\"gallery-item\"><a rel=\"gallery\" data-text=\"\" href='https:\/\/villaingrid.se\/wp-content\/uploads\/2022\/09\/hotellrum-borgholm-oland-kok-1-1.jpg'><img loading=\"lazy\" decoding=\"async\" width=\"320\" height=\"320\" src=\"https:\/\/villaingrid.se\/wp-content\/uploads\/2022\/09\/hotellrum-borgholm-oland-kok-1-1-320x320.jpg\" class=\"attachment-thumbnail size-thumbnail\" alt=\"\" \/><\/a><\/li><li class=\"gallery-item\"><a rel=\"gallery\" data-text=\"\" href='https:\/\/villaingrid.se\/wp-content\/uploads\/2022\/09\/hotellrum-borgholm-oland-villa-ingrid2-1.jpg'><img loading=\"lazy\" decoding=\"async\" width=\"320\" height=\"320\" src=\"https:\/\/villaingrid.se\/wp-content\/uploads\/2022\/09\/hotellrum-borgholm-oland-villa-ingrid2-1-320x320.jpg\" class=\"attachment-thumbnail size-thumbnail\" alt=\"\" \/><\/a><\/li><li class=\"gallery-item\"><a rel=\"gallery\" data-text=\"\" href='https:\/\/villaingrid.se\/wp-content\/uploads\/2022\/09\/hotellrum-hotell-borgholm-utsikt-1.jpg'><img loading=\"lazy\" decoding=\"async\" width=\"320\" height=\"320\" src=\"https:\/\/villaingrid.se\/wp-content\/uploads\/2022\/09\/hotellrum-hotell-borgholm-utsikt-1-320x320.jpg\" class=\"attachment-thumbnail size-thumbnail\" alt=\"\" \/><\/a><\/li><li class=\"gallery-item\"><a rel=\"gallery\" data-text=\"\" href='https:\/\/villaingrid.se\/wp-content\/uploads\/2022\/09\/hotellrum-villa-ingrid-borgholm-1.jpg'><img loading=\"lazy\" decoding=\"async\" width=\"320\" height=\"320\" src=\"https:\/\/villaingrid.se\/wp-content\/uploads\/2022\/09\/hotellrum-villa-ingrid-borgholm-1-320x320.jpg\" class=\"attachment-thumbnail size-thumbnail\" alt=\"\" \/><\/a><\/li><li class=\"gallery-item\"><a rel=\"gallery\" data-text=\"\" href='https:\/\/villaingrid.se\/wp-content\/uploads\/2022\/09\/hotellrum-villa-ingrid-oland-borgholm-2.jpg'><img loading=\"lazy\" decoding=\"async\" width=\"320\" height=\"320\" src=\"https:\/\/villaingrid.se\/wp-content\/uploads\/2022\/09\/hotellrum-villa-ingrid-oland-borgholm-2-320x320.jpg\" class=\"attachment-thumbnail size-thumbnail\" alt=\"\" \/><\/a><\/li><li class=\"gallery-item\"><a rel=\"gallery\" data-text=\"\" href='https:\/\/villaingrid.se\/wp-content\/uploads\/2022\/09\/MDIyNnwwMDAxMzgyNTk0NXw5Ng..-3.jpg'><img loading=\"lazy\" decoding=\"async\" width=\"320\" height=\"320\" src=\"https:\/\/villaingrid.se\/wp-content\/uploads\/2022\/09\/MDIyNnwwMDAxMzgyNTk0NXw5Ng..-3-320x320.jpg\" class=\"attachment-thumbnail size-thumbnail\" alt=\"\" \/><\/a><\/li><\/ul>\n<h2>Fr\u00fchst\u00fcck<\/h2>\n<p>Das Fr\u00fchst\u00fccksbuffet wird im hellen Speisesaal serviert. Sie k\u00f6nnen Ihr Fr\u00fchst\u00fcck auch im Garten einnehmen.<\/p>\n<h2>Der Garten<\/h2>\n<p>Der Garten ist eine ruhige Oase mit Obstb\u00e4umen und Blumen, er ist ruhig und gesch\u00fctzt gelegen und bietet die M\u00f6glichkeit zum Entspannen und Spielen. Gerne k\u00f6nnen Sie sich den Grill ausleihen. Ihr Auto k\u00f6nnen Sie auf der Stra\u00dfe vor dem Haus parken.<\/p>\n","protected":false},"excerpt":{"rendered":"<p>Villa Ingrid ist ein 3-Sterne Fr\u00fchst\u00fcckshotel. Das Hotel hat 18 Zimmer mit insgesamt 43 regul\u00e4ren Betten. drei Doppelzimmer mit w\/k Wasser ein 3-Bett-Zimmer mit w\/k Wasser zehn Doppelzimmer mit Dusche\/WC ein Einzelzimmer mit w\/k Wasser zwei Familienzimmer, vier Betten, mit Dusche\/WC eine Wohnung mit 5 Betten, zwei Zimmern, mit Dusche, WC und Kochnische ein Doppelzimmer [&hellip;]<\/p>\n","protected":false},"author":1,"featured_media":894,"parent":0,"menu_order":0,"comment_status":"open","ping_status":"open","template":"","meta":{"_acf_changed":false,"_monsterinsights_skip_tracking":false,"_monsterinsights_sitenote_active":false,"_monsterinsights_sitenote_note":"","_monsterinsights_sitenote_category":0,"footnotes":""},"class_list":["post-108","page","type-page","status-publish","has-post-thumbnail","hentry"],"acf":[],"yoast_head":"<!-- This site is optimized with the Yoast SEO plugin v27.5 - https:\/\/yoast.com\/product\/yoast-seo-wordpress\/ -->\n<title>Hotelzimmer - Villa Ingrid<\/title>\n<meta name=\"description\" content=\"Villa Ingrid ist ein 3-Sterne Fr\u00fchst\u00fcckshotel. Das Hotel hat 18 Zimmer mit insgesamt 43 regul\u00e4ren Betten. drei Doppelzimmer mit w\/k Wasser ein\" \/>\n<meta name=\"robots\" content=\"index, follow, max-snippet:-1, max-image-preview:large, max-video-preview:-1\" \/>\n<link rel=\"canonical\" href=\"https:\/\/villaingrid.se\/hotellrum\/\" \/>\n<meta property=\"og:locale\" content=\"de_DE\" \/>\n<meta property=\"og:type\" content=\"article\" \/>\n<meta property=\"og:title\" content=\"Hotelzimmer - Villa Ingrid\" \/>\n<meta property=\"og:description\" content=\"Villa Ingrid ist ein 3-Sterne Fr\u00fchst\u00fcckshotel. Das Hotel hat 18 Zimmer mit insgesamt 43 regul\u00e4ren Betten. drei Doppelzimmer mit w\/k Wasser ein\" \/>\n<meta property=\"og:url\" content=\"https:\/\/villaingrid.se\/hotellrum\/\" \/>\n<meta property=\"og:site_name\" content=\"Villa Ingrid\" \/>\n<meta property=\"article:modified_time\" content=\"2022-09-20T12:27:37+00:00\" \/>\n<meta property=\"og:image\" content=\"https:\/\/villaingrid.se\/wp-content\/uploads\/2022\/09\/hotellrum-villa-ingrid-oland-borgholm-1.jpg\" \/>\n\t<meta property=\"og:image:width\" content=\"1920\" \/>\n\t<meta property=\"og:image:height\" content=\"1280\" \/>\n\t<meta property=\"og:image:type\" content=\"image\/jpeg\" \/>\n<meta name=\"twitter:label1\" content=\"Gesch\u00e4tzte Lesezeit\" \/>\n\t<meta name=\"twitter:data1\" content=\"2 Minuten\" \/>\n<script type=\"application\/ld+json\" class=\"yoast-schema-graph\">{\"@context\":\"https:\\\/\\\/schema.org\",\"@graph\":[{\"@type\":\"WebPage\",\"@id\":\"https:\\\/\\\/villaingrid.se\\\/hotellrum\\\/\",\"url\":\"https:\\\/\\\/villaingrid.se\\\/hotellrum\\\/\",\"name\":\"Hotelzimmer - Villa Ingrid\",\"isPartOf\":{\"@id\":\"https:\\\/\\\/villaingrid.se\\\/#website\"},\"primaryImageOfPage\":{\"@id\":\"https:\\\/\\\/villaingrid.se\\\/hotellrum\\\/#primaryimage\"},\"image\":{\"@id\":\"https:\\\/\\\/villaingrid.se\\\/hotellrum\\\/#primaryimage\"},\"thumbnailUrl\":\"https:\\\/\\\/villaingrid.se\\\/wp-content\\\/uploads\\\/2022\\\/09\\\/hotellrum-villa-ingrid-oland-borgholm-1.jpg\",\"datePublished\":\"2014-02-19T12:44:59+00:00\",\"dateModified\":\"2022-09-20T12:27:37+00:00\",\"description\":\"Villa Ingrid ist ein 3-Sterne Fr\u00fchst\u00fcckshotel. Das Hotel hat 18 Zimmer mit insgesamt 43 regul\u00e4ren Betten. drei Doppelzimmer mit w\\\/k Wasser ein\",\"inLanguage\":\"de-DE\",\"potentialAction\":[{\"@type\":\"ReadAction\",\"target\":[\"https:\\\/\\\/villaingrid.se\\\/hotellrum\\\/\"]}]},{\"@type\":\"ImageObject\",\"inLanguage\":\"de-DE\",\"@id\":\"https:\\\/\\\/villaingrid.se\\\/hotellrum\\\/#primaryimage\",\"url\":\"https:\\\/\\\/villaingrid.se\\\/wp-content\\\/uploads\\\/2022\\\/09\\\/hotellrum-villa-ingrid-oland-borgholm-1.jpg\",\"contentUrl\":\"https:\\\/\\\/villaingrid.se\\\/wp-content\\\/uploads\\\/2022\\\/09\\\/hotellrum-villa-ingrid-oland-borgholm-1.jpg\",\"width\":1920,\"height\":1280},{\"@type\":\"WebSite\",\"@id\":\"https:\\\/\\\/villaingrid.se\\\/#website\",\"url\":\"https:\\\/\\\/villaingrid.se\\\/\",\"name\":\"Villa Ingrid\",\"description\":\"Det gemytliga hotellet i Borgholms city\",\"potentialAction\":[{\"@type\":\"SearchAction\",\"target\":{\"@type\":\"EntryPoint\",\"urlTemplate\":\"https:\\\/\\\/villaingrid.se\\\/?s={search_term_string}\"},\"query-input\":{\"@type\":\"PropertyValueSpecification\",\"valueRequired\":true,\"valueName\":\"search_term_string\"}}],\"inLanguage\":\"de-DE\"}]}<\/script>\n<!-- \/ Yoast SEO plugin. -->","yoast_head_json":{"title":"Hotelzimmer - Villa Ingrid","description":"Villa Ingrid ist ein 3-Sterne Fr\u00fchst\u00fcckshotel. Das Hotel hat 18 Zimmer mit insgesamt 43 regul\u00e4ren Betten. drei Doppelzimmer mit w\/k Wasser ein","robots":{"index":"index","follow":"follow","max-snippet":"max-snippet:-1","max-image-preview":"max-image-preview:large","max-video-preview":"max-video-preview:-1"},"canonical":"https:\/\/villaingrid.se\/hotellrum\/","og_locale":"de_DE","og_type":"article","og_title":"Hotelzimmer - Villa Ingrid","og_description":"Villa Ingrid ist ein 3-Sterne Fr\u00fchst\u00fcckshotel. Das Hotel hat 18 Zimmer mit insgesamt 43 regul\u00e4ren Betten. drei Doppelzimmer mit w\/k Wasser ein","og_url":"https:\/\/villaingrid.se\/hotellrum\/","og_site_name":"Villa Ingrid","article_modified_time":"2022-09-20T12:27:37+00:00","og_image":[{"width":1920,"height":1280,"url":"https:\/\/villaingrid.se\/wp-content\/uploads\/2022\/09\/hotellrum-villa-ingrid-oland-borgholm-1.jpg","type":"image\/jpeg"}],"twitter_misc":{"Gesch\u00e4tzte Lesezeit":"2 Minuten"},"schema":{"@context":"https:\/\/schema.org","@graph":[{"@type":"WebPage","@id":"https:\/\/villaingrid.se\/hotellrum\/","url":"https:\/\/villaingrid.se\/hotellrum\/","name":"Hotelzimmer - Villa Ingrid","isPartOf":{"@id":"https:\/\/villaingrid.se\/#website"},"primaryImageOfPage":{"@id":"https:\/\/villaingrid.se\/hotellrum\/#primaryimage"},"image":{"@id":"https:\/\/villaingrid.se\/hotellrum\/#primaryimage"},"thumbnailUrl":"https:\/\/villaingrid.se\/wp-content\/uploads\/2022\/09\/hotellrum-villa-ingrid-oland-borgholm-1.jpg","datePublished":"2014-02-19T12:44:59+00:00","dateModified":"2022-09-20T12:27:37+00:00","description":"Villa Ingrid ist ein 3-Sterne Fr\u00fchst\u00fcckshotel. Das Hotel hat 18 Zimmer mit insgesamt 43 regul\u00e4ren Betten. drei Doppelzimmer mit w\/k Wasser ein","inLanguage":"de-DE","potentialAction":[{"@type":"ReadAction","target":["https:\/\/villaingrid.se\/hotellrum\/"]}]},{"@type":"ImageObject","inLanguage":"de-DE","@id":"https:\/\/villaingrid.se\/hotellrum\/#primaryimage","url":"https:\/\/villaingrid.se\/wp-content\/uploads\/2022\/09\/hotellrum-villa-ingrid-oland-borgholm-1.jpg","contentUrl":"https:\/\/villaingrid.se\/wp-content\/uploads\/2022\/09\/hotellrum-villa-ingrid-oland-borgholm-1.jpg","width":1920,"height":1280},{"@type":"WebSite","@id":"https:\/\/villaingrid.se\/#website","url":"https:\/\/villaingrid.se\/","name":"Villa Ingrid","description":"Det gemytliga hotellet i Borgholms city","potentialAction":[{"@type":"SearchAction","target":{"@type":"EntryPoint","urlTemplate":"https:\/\/villaingrid.se\/?s={search_term_string}"},"query-input":{"@type":"PropertyValueSpecification","valueRequired":true,"valueName":"search_term_string"}}],"inLanguage":"de-DE"}]}},"_links":{"self":[{"href":"https:\/\/villaingrid.se\/de\/wp-json\/wp\/v2\/pages\/108","targetHints":{"allow":["GET"]}}],"collection":[{"href":"https:\/\/villaingrid.se\/de\/wp-json\/wp\/v2\/pages"}],"about":[{"href":"https:\/\/villaingrid.se\/de\/wp-json\/wp\/v2\/types\/page"}],"author":[{"embeddable":true,"href":"https:\/\/villaingrid.se\/de\/wp-json\/wp\/v2\/users\/1"}],"replies":[{"embeddable":true,"href":"https:\/\/villaingrid.se\/de\/wp-json\/wp\/v2\/comments?post=108"}],"version-history":[{"count":0,"href":"https:\/\/villaingrid.se\/de\/wp-json\/wp\/v2\/pages\/108\/revisions"}],"wp:featuredmedia":[{"embeddable":true,"href":"https:\/\/villaingrid.se\/de\/wp-json\/wp\/v2\/media\/894"}],"wp:attachment":[{"href":"https:\/\/villaingrid.se\/de\/wp-json\/wp\/v2\/media?parent=108"}],"curies":[{"name":"wp","href":"https:\/\/api.w.org\/{rel}","templated":true}]}}