{"id":116,"date":"2014-02-19T13:45:50","date_gmt":"2014-02-19T12:45:50","guid":{"rendered":"http:\/\/development\/villaingrid.se\/?page_id=116"},"modified":"2022-09-20T13:11:54","modified_gmt":"2022-09-20T11:11:54","slug":"prize","status":"publish","type":"page","link":"https:\/\/villaingrid.se\/de\/prize\/","title":{"rendered":"Zimmerpreise"},"content":{"rendered":"<p>S\u00e4mtliche Preise enthalten die Bettw\u00e4sche, Handt\u00fccher und t\u00e4gliche Reinigung.<br \/>\nDas Fr\u00fchst\u00fccksbuffet wird zwischen 8.00 \u2013 10.00 Uhr serviert.<\/p>\n<table border=\"0\" cellspacing=\"0\" cellpadding=\"0\">\n<thead>\n<tr>\n<td class=\"xl66\"><strong>PREIS PRO TAG 2014<\/strong><br \/>\nPreise in SEK<\/td>\n<td class=\"xl67\">Hochsaison*<\/td>\n<td class=\"xl67\">Zwischensaison*<\/td>\n<td class=\"xl67\">Nebensaison*<\/td>\n<\/tr>\n<\/thead>\n<tbody>\n<tr>\n<td class=\"xl68\">Doppelzimmer, w\/k Wasser 2 Pers. + TV<\/td>\n<td class=\"xl65\">850 SEK<\/td>\n<td class=\"xl65\">850 SEK<\/td>\n<td class=\"xl65\">800 SEK<\/td>\n<\/tr>\n<tr>\n<td class=\"xl68\">Doppelzimmer, Dusche\/WC + TV 2 Pers.<\/td>\n<td class=\"xl65\">1400 SEK<\/td>\n<td class=\"xl65\">1300 SEK<\/td>\n<td class=\"xl65\">1150 SEK<\/td>\n<\/tr>\n<tr>\n<td class=\"xl68\">Einzelzimmer, w\/k Wasser + TV<\/td>\n<td class=\"xl65\">650 SEK<\/td>\n<td class=\"xl65\">650 SEK<\/td>\n<td class=\"xl65\">650 SEK<\/td>\n<\/tr>\n<tr>\n<td class=\"xl68\">Einzelzimmer, Dusche\/WC + TV<\/td>\n<td class=\"xl65\">1050 SEK<\/td>\n<td class=\"xl65\">1000 SEK<\/td>\n<td class=\"xl65\">800 SEK<\/td>\n<\/tr>\n<tr>\n<td class=\"xl68\">3-Bett-Zimmer, w\/k Wasser + TV<\/td>\n<td class=\"xl65\">1150 SEK<\/td>\n<td class=\"xl65\">1100 SEK<\/td>\n<td class=\"xl65\">1000 SEK<\/td>\n<\/tr>\n<tr>\n<td class=\"xl68\">4-Bett-Zimmer, Dusche\/WC + TV<\/td>\n<td class=\"xl65\">1700 SEK<\/td>\n<td class=\"xl65\">1600 SEK<\/td>\n<td class=\"xl65\" width=\"105\">1500 SEK<\/td>\n<\/tr>\n<tr>\n<td class=\"xl68\">Wohnung 5 Betten, Dusche\/WC + TV<\/td>\n<td class=\"xl65\">2100 SEK<\/td>\n<td class=\"xl65\">1900 SEK<\/td>\n<td class=\"xl65\">1800 SEK<\/td>\n<\/tr>\n<tr>\n<td class=\"xl68\">Zusatzbett, Erwachsener inkl. Fr\u00fchst\u00fcck<\/td>\n<td class=\"xl65\">300 SEK<\/td>\n<td class=\"xl65\">300 SEK<\/td>\n<td class=\"xl65\">300 SEK<\/td>\n<\/tr>\n<tr>\n<td class=\"xl68\">Zusatzbett, Kind bis 15 Jahre, inkl. Fr\u00fchst\u00fcck<\/td>\n<td class=\"xl72\">150 SEK<\/td>\n<td class=\"xl72\">150 SEK<\/td>\n<td class=\"xl72\">150 SEK<\/td>\n<\/tr>\n<tr>\n<td class=\"xl69\">Hund<\/td>\n<td class=\"xl70\">100 SEK\/hund<\/td>\n<td class=\"xl70\">100 SEK\/hund<\/td>\n<td class=\"xl70\">100 SEK\/hund<\/td>\n<\/tr>\n<tr>\n<td class=\"xl71\"><\/td>\n<td><\/td>\n<td><\/td>\n<td><\/td>\n<\/tr>\n<tr valign=\"top\">\n<td class=\"xl74\" colspan=\"3\">*Hochsaison: 19.6.-13.8. + 23.9.-1.10.<br \/>\n*Zwischensaison: 1.5.-18.6. + 14.8.-27.8.<br \/>\n*Nebensaison: 14.3.-30.4. + 28.8.-28.9. + 3,10.-13.11.<\/td>\n<td class=\"xl73\"><\/td>\n<\/tr>\n<tr>\n<td class=\"xl75\" colspan=\"3\"><\/td>\n<td class=\"xl73\"><\/td>\n<\/tr>\n<tr>\n<td class=\"xl74\" colspan=\"4\">Es gibt zwei Doppelzimmer, in denen Hunde erlaubt sind, eines mit w\/k Wasser und eines mit eigener Dusche und WC.<\/td>\n<\/tr>\n<tr>\n<td class=\"xl74\" colspan=\"3\">Ein Doppelzimmer mit Dusche und WC ist behindertengerecht.<\/td>\n<td class=\"xl73\"><\/td>\n<\/tr>\n<\/tbody>\n<\/table>\n","protected":false},"excerpt":{"rendered":"<p>S\u00e4mtliche Preise enthalten die Bettw\u00e4sche, Handt\u00fccher und t\u00e4gliche Reinigung. Das Fr\u00fchst\u00fccksbuffet wird zwischen 8.00 \u2013 10.00 Uhr serviert. PREIS PRO TAG 2014 Preise in SEK Hochsaison* Zwischensaison* Nebensaison* Doppelzimmer, w\/k Wasser 2 Pers. + TV 850 SEK 850 SEK 800 SEK Doppelzimmer, Dusche\/WC + TV 2 Pers. 1400 SEK 1300 SEK 1150 SEK Einzelzimmer, w\/k [&hellip;]<\/p>\n","protected":false},"author":1,"featured_media":848,"parent":0,"menu_order":0,"comment_status":"open","ping_status":"closed","template":"","meta":{"_acf_changed":false,"_monsterinsights_skip_tracking":false,"_monsterinsights_sitenote_active":false,"_monsterinsights_sitenote_note":"","_monsterinsights_sitenote_category":0,"footnotes":""},"class_list":["post-116","page","type-page","status-publish","has-post-thumbnail","hentry"],"acf":[],"yoast_head":"<!-- This site is optimized with the Yoast SEO plugin v27.3 - https:\/\/yoast.com\/product\/yoast-seo-wordpress\/ -->\n<title>Zimmerpreise - Villa Ingrid<\/title>\n<meta name=\"description\" content=\"S\u00e4mtliche Preise enthalten die Bettw\u00e4sche, Handt\u00fccher und t\u00e4gliche Reinigung. Das Fr\u00fchst\u00fccksbuffet wird zwischen 8.00 \u2013 10.00 Uhr serviert. PREIS PRO TAG\" \/>\n<meta name=\"robots\" content=\"index, follow, max-snippet:-1, max-image-preview:large, max-video-preview:-1\" \/>\n<link rel=\"canonical\" href=\"https:\/\/villaingrid.se\/de\/prize\/\" \/>\n<meta property=\"og:locale\" content=\"de_DE\" \/>\n<meta property=\"og:type\" content=\"article\" \/>\n<meta property=\"og:title\" content=\"Zimmerpreise - Villa Ingrid\" \/>\n<meta property=\"og:description\" content=\"S\u00e4mtliche Preise enthalten die Bettw\u00e4sche, Handt\u00fccher und t\u00e4gliche Reinigung. Das Fr\u00fchst\u00fccksbuffet wird zwischen 8.00 \u2013 10.00 Uhr serviert. PREIS PRO TAG\" \/>\n<meta property=\"og:url\" content=\"https:\/\/villaingrid.se\/de\/prize\/\" \/>\n<meta property=\"og:site_name\" content=\"Villa Ingrid\" \/>\n<meta property=\"article:modified_time\" content=\"2022-09-20T11:11:54+00:00\" \/>\n<meta property=\"og:image\" content=\"https:\/\/villaingrid.se\/wp-content\/uploads\/2022\/09\/hotellrum-villa-ingrid-oland-borgholm-header2.jpg\" \/>\n\t<meta property=\"og:image:width\" content=\"1920\" \/>\n\t<meta property=\"og:image:height\" content=\"922\" \/>\n\t<meta property=\"og:image:type\" content=\"image\/jpeg\" \/>\n<meta name=\"twitter:label1\" content=\"Gesch\u00e4tzte Lesezeit\" \/>\n\t<meta name=\"twitter:data1\" content=\"1 Minute\" \/>\n<script type=\"application\/ld+json\" class=\"yoast-schema-graph\">{\"@context\":\"https:\\\/\\\/schema.org\",\"@graph\":[{\"@type\":\"WebPage\",\"@id\":\"https:\\\/\\\/villaingrid.se\\\/de\\\/prize\\\/\",\"url\":\"https:\\\/\\\/villaingrid.se\\\/de\\\/prize\\\/\",\"name\":\"Zimmerpreise - Villa Ingrid\",\"isPartOf\":{\"@id\":\"https:\\\/\\\/villaingrid.se\\\/#website\"},\"primaryImageOfPage\":{\"@id\":\"https:\\\/\\\/villaingrid.se\\\/de\\\/prize\\\/#primaryimage\"},\"image\":{\"@id\":\"https:\\\/\\\/villaingrid.se\\\/de\\\/prize\\\/#primaryimage\"},\"thumbnailUrl\":\"https:\\\/\\\/villaingrid.se\\\/wp-content\\\/uploads\\\/2022\\\/09\\\/hotellrum-villa-ingrid-oland-borgholm-header2.jpg\",\"datePublished\":\"2014-02-19T12:45:50+00:00\",\"dateModified\":\"2022-09-20T11:11:54+00:00\",\"description\":\"S\u00e4mtliche Preise enthalten die Bettw\u00e4sche, Handt\u00fccher und t\u00e4gliche Reinigung. Das Fr\u00fchst\u00fccksbuffet wird zwischen 8.00 \u2013 10.00 Uhr serviert. PREIS PRO TAG\",\"inLanguage\":\"de-DE\",\"potentialAction\":[{\"@type\":\"ReadAction\",\"target\":[\"https:\\\/\\\/villaingrid.se\\\/de\\\/prize\\\/\"]}]},{\"@type\":\"ImageObject\",\"inLanguage\":\"de-DE\",\"@id\":\"https:\\\/\\\/villaingrid.se\\\/de\\\/prize\\\/#primaryimage\",\"url\":\"https:\\\/\\\/villaingrid.se\\\/wp-content\\\/uploads\\\/2022\\\/09\\\/hotellrum-villa-ingrid-oland-borgholm-header2.jpg\",\"contentUrl\":\"https:\\\/\\\/villaingrid.se\\\/wp-content\\\/uploads\\\/2022\\\/09\\\/hotellrum-villa-ingrid-oland-borgholm-header2.jpg\",\"width\":1920,\"height\":922},{\"@type\":\"WebSite\",\"@id\":\"https:\\\/\\\/villaingrid.se\\\/#website\",\"url\":\"https:\\\/\\\/villaingrid.se\\\/\",\"name\":\"Villa Ingrid\",\"description\":\"Det gemytliga hotellet i Borgholms city\",\"potentialAction\":[{\"@type\":\"SearchAction\",\"target\":{\"@type\":\"EntryPoint\",\"urlTemplate\":\"https:\\\/\\\/villaingrid.se\\\/?s={search_term_string}\"},\"query-input\":{\"@type\":\"PropertyValueSpecification\",\"valueRequired\":true,\"valueName\":\"search_term_string\"}}],\"inLanguage\":\"de-DE\"}]}<\/script>\n<!-- \/ Yoast SEO plugin. -->","yoast_head_json":{"title":"Zimmerpreise - Villa Ingrid","description":"S\u00e4mtliche Preise enthalten die Bettw\u00e4sche, Handt\u00fccher und t\u00e4gliche Reinigung. Das Fr\u00fchst\u00fccksbuffet wird zwischen 8.00 \u2013 10.00 Uhr serviert. PREIS PRO TAG","robots":{"index":"index","follow":"follow","max-snippet":"max-snippet:-1","max-image-preview":"max-image-preview:large","max-video-preview":"max-video-preview:-1"},"canonical":"https:\/\/villaingrid.se\/de\/prize\/","og_locale":"de_DE","og_type":"article","og_title":"Zimmerpreise - Villa Ingrid","og_description":"S\u00e4mtliche Preise enthalten die Bettw\u00e4sche, Handt\u00fccher und t\u00e4gliche Reinigung. Das Fr\u00fchst\u00fccksbuffet wird zwischen 8.00 \u2013 10.00 Uhr serviert. PREIS PRO TAG","og_url":"https:\/\/villaingrid.se\/de\/prize\/","og_site_name":"Villa Ingrid","article_modified_time":"2022-09-20T11:11:54+00:00","og_image":[{"width":1920,"height":922,"url":"https:\/\/villaingrid.se\/wp-content\/uploads\/2022\/09\/hotellrum-villa-ingrid-oland-borgholm-header2.jpg","type":"image\/jpeg"}],"twitter_misc":{"Gesch\u00e4tzte Lesezeit":"1 Minute"},"schema":{"@context":"https:\/\/schema.org","@graph":[{"@type":"WebPage","@id":"https:\/\/villaingrid.se\/de\/prize\/","url":"https:\/\/villaingrid.se\/de\/prize\/","name":"Zimmerpreise - Villa Ingrid","isPartOf":{"@id":"https:\/\/villaingrid.se\/#website"},"primaryImageOfPage":{"@id":"https:\/\/villaingrid.se\/de\/prize\/#primaryimage"},"image":{"@id":"https:\/\/villaingrid.se\/de\/prize\/#primaryimage"},"thumbnailUrl":"https:\/\/villaingrid.se\/wp-content\/uploads\/2022\/09\/hotellrum-villa-ingrid-oland-borgholm-header2.jpg","datePublished":"2014-02-19T12:45:50+00:00","dateModified":"2022-09-20T11:11:54+00:00","description":"S\u00e4mtliche Preise enthalten die Bettw\u00e4sche, Handt\u00fccher und t\u00e4gliche Reinigung. Das Fr\u00fchst\u00fccksbuffet wird zwischen 8.00 \u2013 10.00 Uhr serviert. PREIS PRO TAG","inLanguage":"de-DE","potentialAction":[{"@type":"ReadAction","target":["https:\/\/villaingrid.se\/de\/prize\/"]}]},{"@type":"ImageObject","inLanguage":"de-DE","@id":"https:\/\/villaingrid.se\/de\/prize\/#primaryimage","url":"https:\/\/villaingrid.se\/wp-content\/uploads\/2022\/09\/hotellrum-villa-ingrid-oland-borgholm-header2.jpg","contentUrl":"https:\/\/villaingrid.se\/wp-content\/uploads\/2022\/09\/hotellrum-villa-ingrid-oland-borgholm-header2.jpg","width":1920,"height":922},{"@type":"WebSite","@id":"https:\/\/villaingrid.se\/#website","url":"https:\/\/villaingrid.se\/","name":"Villa Ingrid","description":"Det gemytliga hotellet i Borgholms city","potentialAction":[{"@type":"SearchAction","target":{"@type":"EntryPoint","urlTemplate":"https:\/\/villaingrid.se\/?s={search_term_string}"},"query-input":{"@type":"PropertyValueSpecification","valueRequired":true,"valueName":"search_term_string"}}],"inLanguage":"de-DE"}]}},"_links":{"self":[{"href":"https:\/\/villaingrid.se\/de\/wp-json\/wp\/v2\/pages\/116","targetHints":{"allow":["GET"]}}],"collection":[{"href":"https:\/\/villaingrid.se\/de\/wp-json\/wp\/v2\/pages"}],"about":[{"href":"https:\/\/villaingrid.se\/de\/wp-json\/wp\/v2\/types\/page"}],"author":[{"embeddable":true,"href":"https:\/\/villaingrid.se\/de\/wp-json\/wp\/v2\/users\/1"}],"replies":[{"embeddable":true,"href":"https:\/\/villaingrid.se\/de\/wp-json\/wp\/v2\/comments?post=116"}],"version-history":[{"count":0,"href":"https:\/\/villaingrid.se\/de\/wp-json\/wp\/v2\/pages\/116\/revisions"}],"wp:featuredmedia":[{"embeddable":true,"href":"https:\/\/villaingrid.se\/de\/wp-json\/wp\/v2\/media\/848"}],"wp:attachment":[{"href":"https:\/\/villaingrid.se\/de\/wp-json\/wp\/v2\/media?parent=116"}],"curies":[{"name":"wp","href":"https:\/\/api.w.org\/{rel}","templated":true}]}}