{"id":259,"date":"2014-04-08T14:39:05","date_gmt":"2014-04-08T12:39:05","guid":{"rendered":"https:\/\/villaingridse.wpengine.com\/?page_id=259"},"modified":"2022-09-20T13:28:39","modified_gmt":"2022-09-20T11:28:39","slug":"villa-ingrid-2","status":"publish","type":"page","link":"https:\/\/villaingrid.se\/de\/villa-ingrid-2\/","title":{"rendered":"Villa Ingrid"},"content":{"rendered":"<p>Herzlich willkommen in der Villa Ingrid. Hier kann ich dem \u00d6landbesucher einen anmutigen, wohnlichen Aufenthalt in zentraler, aber ruhiger Lage anbieten.<\/p>\n<p>Restaurants, Yachthafen, B\u00e4der und alles andere, was Borgholm bieten kann, liegen nur wenige Gehminuten entfernt.<\/p>\n<p>Die in den 1930er Jahren erbaute Villa hat\u00a018 Zimmer mit 1 bis 4 Betten und eine Wohnung mit f\u00fcnf Betten.<\/p>\n<p>13 der Zimmer ist mit Dusche und WC sowie TV ausger\u00fcstet.<\/p>\n<p>Ordentliche Gemeinschaftsr\u00e4ume und ein sch\u00f6ner, gro\u00dfer Garten stehen Ihnen auch zur Verf\u00fcgung.<\/p>\n<h2><img loading=\"lazy\" decoding=\"async\" class=\"alignnone size-medium wp-image-890\" src=\"https:\/\/www.villaingrid.se\/wp-content\/uploads\/2022\/09\/MDIyNnwwMDAxMzgyNTk4Nnw5Ng..-1-490x276.jpg\" alt=\"\" width=\"490\" height=\"276\" srcset=\"https:\/\/villaingrid.se\/wp-content\/uploads\/2022\/09\/MDIyNnwwMDAxMzgyNTk4Nnw5Ng..-1-490x276.jpg 490w, https:\/\/villaingrid.se\/wp-content\/uploads\/2022\/09\/MDIyNnwwMDAxMzgyNTk4Nnw5Ng..-1-980x551.jpg 980w, https:\/\/villaingrid.se\/wp-content\/uploads\/2022\/09\/MDIyNnwwMDAxMzgyNTk4Nnw5Ng..-1-768x432.jpg 768w, https:\/\/villaingrid.se\/wp-content\/uploads\/2022\/09\/MDIyNnwwMDAxMzgyNTk4Nnw5Ng..-1.jpg 1024w\" sizes=\"(max-width: 490px) 100vw, 490px\" \/><\/h2>\n<p>&nbsp;<\/p>\n<h2>Garten<\/h2>\n<p>Garten ist eine stille Oase mit Obstb\u00e4umen und Blumen, die ruhig und abgeschieden gelegen ist und M\u00f6glichkeit zum Spielen und zur Entspannung bietet.<\/p>\n<p>Benutzen Sie gerne eines der aufgestellten Spiele oder den Grillplatz.<\/p>\n<p>Das Auto d\u00fcrfen Sie auf der Stra\u00dfe vor dem Haus parken.<\/p>\n","protected":false},"excerpt":{"rendered":"<p>Herzlich willkommen in der Villa Ingrid. Hier kann ich dem \u00d6landbesucher einen anmutigen, wohnlichen Aufenthalt in zentraler, aber ruhiger Lage anbieten. Restaurants, Yachthafen, B\u00e4der und alles andere, was Borgholm bieten kann, liegen nur wenige Gehminuten entfernt. Die in den 1930er Jahren erbaute Villa hat\u00a018 Zimmer mit 1 bis 4 Betten und eine Wohnung mit f\u00fcnf [&hellip;]<\/p>\n","protected":false},"author":2,"featured_media":855,"parent":0,"menu_order":0,"comment_status":"open","ping_status":"open","template":"","meta":{"_acf_changed":false,"_monsterinsights_skip_tracking":false,"_monsterinsights_sitenote_active":false,"_monsterinsights_sitenote_note":"","_monsterinsights_sitenote_category":0,"footnotes":""},"class_list":["post-259","page","type-page","status-publish","has-post-thumbnail","hentry"],"acf":[],"yoast_head":"<!-- This site is optimized with the Yoast SEO plugin v27.4 - https:\/\/yoast.com\/product\/yoast-seo-wordpress\/ -->\n<title>Villa Ingrid - Villa Ingrid<\/title>\n<meta name=\"description\" content=\"Herzlich willkommen in der Villa Ingrid. Hier kann ich dem \u00d6landbesucher einen anmutigen, wohnlichen Aufenthalt in zentraler, aber ruhiger Lage anbieten.\" \/>\n<meta name=\"robots\" content=\"index, follow, max-snippet:-1, max-image-preview:large, max-video-preview:-1\" \/>\n<link rel=\"canonical\" href=\"https:\/\/villaingrid.se\/de\/villa-ingrid-2\/\" \/>\n<meta property=\"og:locale\" content=\"de_DE\" \/>\n<meta property=\"og:type\" content=\"article\" \/>\n<meta property=\"og:title\" content=\"Villa Ingrid - Villa Ingrid\" \/>\n<meta property=\"og:description\" content=\"Herzlich willkommen in der Villa Ingrid. Hier kann ich dem \u00d6landbesucher einen anmutigen, wohnlichen Aufenthalt in zentraler, aber ruhiger Lage anbieten.\" \/>\n<meta property=\"og:url\" content=\"https:\/\/villaingrid.se\/de\/villa-ingrid-2\/\" \/>\n<meta property=\"og:site_name\" content=\"Villa Ingrid\" \/>\n<meta property=\"article:modified_time\" content=\"2022-09-20T11:28:39+00:00\" \/>\n<meta property=\"og:image\" content=\"https:\/\/villaingrid.se\/wp-content\/uploads\/2022\/09\/villa-ingrid-tradgarden-header3.jpg\" \/>\n\t<meta property=\"og:image:width\" content=\"1920\" \/>\n\t<meta property=\"og:image:height\" content=\"933\" \/>\n\t<meta property=\"og:image:type\" content=\"image\/jpeg\" \/>\n<meta name=\"twitter:label1\" content=\"Gesch\u00e4tzte Lesezeit\" \/>\n\t<meta name=\"twitter:data1\" content=\"1 Minute\" \/>\n<script type=\"application\/ld+json\" class=\"yoast-schema-graph\">{\"@context\":\"https:\\\/\\\/schema.org\",\"@graph\":[{\"@type\":\"WebPage\",\"@id\":\"https:\\\/\\\/villaingrid.se\\\/de\\\/villa-ingrid-2\\\/\",\"url\":\"https:\\\/\\\/villaingrid.se\\\/de\\\/villa-ingrid-2\\\/\",\"name\":\"Villa Ingrid - Villa Ingrid\",\"isPartOf\":{\"@id\":\"https:\\\/\\\/villaingrid.se\\\/#website\"},\"primaryImageOfPage\":{\"@id\":\"https:\\\/\\\/villaingrid.se\\\/de\\\/villa-ingrid-2\\\/#primaryimage\"},\"image\":{\"@id\":\"https:\\\/\\\/villaingrid.se\\\/de\\\/villa-ingrid-2\\\/#primaryimage\"},\"thumbnailUrl\":\"https:\\\/\\\/villaingrid.se\\\/wp-content\\\/uploads\\\/2022\\\/09\\\/villa-ingrid-tradgarden-header3.jpg\",\"datePublished\":\"2014-04-08T12:39:05+00:00\",\"dateModified\":\"2022-09-20T11:28:39+00:00\",\"description\":\"Herzlich willkommen in der Villa Ingrid. Hier kann ich dem \u00d6landbesucher einen anmutigen, wohnlichen Aufenthalt in zentraler, aber ruhiger Lage anbieten.\",\"inLanguage\":\"de-DE\",\"potentialAction\":[{\"@type\":\"ReadAction\",\"target\":[\"https:\\\/\\\/villaingrid.se\\\/de\\\/villa-ingrid-2\\\/\"]}]},{\"@type\":\"ImageObject\",\"inLanguage\":\"de-DE\",\"@id\":\"https:\\\/\\\/villaingrid.se\\\/de\\\/villa-ingrid-2\\\/#primaryimage\",\"url\":\"https:\\\/\\\/villaingrid.se\\\/wp-content\\\/uploads\\\/2022\\\/09\\\/villa-ingrid-tradgarden-header3.jpg\",\"contentUrl\":\"https:\\\/\\\/villaingrid.se\\\/wp-content\\\/uploads\\\/2022\\\/09\\\/villa-ingrid-tradgarden-header3.jpg\",\"width\":1920,\"height\":933},{\"@type\":\"WebSite\",\"@id\":\"https:\\\/\\\/villaingrid.se\\\/#website\",\"url\":\"https:\\\/\\\/villaingrid.se\\\/\",\"name\":\"Villa Ingrid\",\"description\":\"Det gemytliga hotellet i Borgholms city\",\"potentialAction\":[{\"@type\":\"SearchAction\",\"target\":{\"@type\":\"EntryPoint\",\"urlTemplate\":\"https:\\\/\\\/villaingrid.se\\\/?s={search_term_string}\"},\"query-input\":{\"@type\":\"PropertyValueSpecification\",\"valueRequired\":true,\"valueName\":\"search_term_string\"}}],\"inLanguage\":\"de-DE\"}]}<\/script>\n<!-- \/ Yoast SEO plugin. -->","yoast_head_json":{"title":"Villa Ingrid - Villa Ingrid","description":"Herzlich willkommen in der Villa Ingrid. Hier kann ich dem \u00d6landbesucher einen anmutigen, wohnlichen Aufenthalt in zentraler, aber ruhiger Lage anbieten.","robots":{"index":"index","follow":"follow","max-snippet":"max-snippet:-1","max-image-preview":"max-image-preview:large","max-video-preview":"max-video-preview:-1"},"canonical":"https:\/\/villaingrid.se\/de\/villa-ingrid-2\/","og_locale":"de_DE","og_type":"article","og_title":"Villa Ingrid - Villa Ingrid","og_description":"Herzlich willkommen in der Villa Ingrid. Hier kann ich dem \u00d6landbesucher einen anmutigen, wohnlichen Aufenthalt in zentraler, aber ruhiger Lage anbieten.","og_url":"https:\/\/villaingrid.se\/de\/villa-ingrid-2\/","og_site_name":"Villa Ingrid","article_modified_time":"2022-09-20T11:28:39+00:00","og_image":[{"width":1920,"height":933,"url":"https:\/\/villaingrid.se\/wp-content\/uploads\/2022\/09\/villa-ingrid-tradgarden-header3.jpg","type":"image\/jpeg"}],"twitter_misc":{"Gesch\u00e4tzte Lesezeit":"1 Minute"},"schema":{"@context":"https:\/\/schema.org","@graph":[{"@type":"WebPage","@id":"https:\/\/villaingrid.se\/de\/villa-ingrid-2\/","url":"https:\/\/villaingrid.se\/de\/villa-ingrid-2\/","name":"Villa Ingrid - Villa Ingrid","isPartOf":{"@id":"https:\/\/villaingrid.se\/#website"},"primaryImageOfPage":{"@id":"https:\/\/villaingrid.se\/de\/villa-ingrid-2\/#primaryimage"},"image":{"@id":"https:\/\/villaingrid.se\/de\/villa-ingrid-2\/#primaryimage"},"thumbnailUrl":"https:\/\/villaingrid.se\/wp-content\/uploads\/2022\/09\/villa-ingrid-tradgarden-header3.jpg","datePublished":"2014-04-08T12:39:05+00:00","dateModified":"2022-09-20T11:28:39+00:00","description":"Herzlich willkommen in der Villa Ingrid. Hier kann ich dem \u00d6landbesucher einen anmutigen, wohnlichen Aufenthalt in zentraler, aber ruhiger Lage anbieten.","inLanguage":"de-DE","potentialAction":[{"@type":"ReadAction","target":["https:\/\/villaingrid.se\/de\/villa-ingrid-2\/"]}]},{"@type":"ImageObject","inLanguage":"de-DE","@id":"https:\/\/villaingrid.se\/de\/villa-ingrid-2\/#primaryimage","url":"https:\/\/villaingrid.se\/wp-content\/uploads\/2022\/09\/villa-ingrid-tradgarden-header3.jpg","contentUrl":"https:\/\/villaingrid.se\/wp-content\/uploads\/2022\/09\/villa-ingrid-tradgarden-header3.jpg","width":1920,"height":933},{"@type":"WebSite","@id":"https:\/\/villaingrid.se\/#website","url":"https:\/\/villaingrid.se\/","name":"Villa Ingrid","description":"Det gemytliga hotellet i Borgholms city","potentialAction":[{"@type":"SearchAction","target":{"@type":"EntryPoint","urlTemplate":"https:\/\/villaingrid.se\/?s={search_term_string}"},"query-input":{"@type":"PropertyValueSpecification","valueRequired":true,"valueName":"search_term_string"}}],"inLanguage":"de-DE"}]}},"_links":{"self":[{"href":"https:\/\/villaingrid.se\/de\/wp-json\/wp\/v2\/pages\/259","targetHints":{"allow":["GET"]}}],"collection":[{"href":"https:\/\/villaingrid.se\/de\/wp-json\/wp\/v2\/pages"}],"about":[{"href":"https:\/\/villaingrid.se\/de\/wp-json\/wp\/v2\/types\/page"}],"author":[{"embeddable":true,"href":"https:\/\/villaingrid.se\/de\/wp-json\/wp\/v2\/users\/2"}],"replies":[{"embeddable":true,"href":"https:\/\/villaingrid.se\/de\/wp-json\/wp\/v2\/comments?post=259"}],"version-history":[{"count":0,"href":"https:\/\/villaingrid.se\/de\/wp-json\/wp\/v2\/pages\/259\/revisions"}],"wp:featuredmedia":[{"embeddable":true,"href":"https:\/\/villaingrid.se\/de\/wp-json\/wp\/v2\/media\/855"}],"wp:attachment":[{"href":"https:\/\/villaingrid.se\/de\/wp-json\/wp\/v2\/media?parent=259"}],"curies":[{"name":"wp","href":"https:\/\/api.w.org\/{rel}","templated":true}]}}